{"id":258,"date":"2018-01-22T10:17:40","date_gmt":"2018-01-22T14:17:40","guid":{"rendered":"http:\/\/ayuntamiento.o\/transparencia\/?page_id=258"},"modified":"2024-11-19T08:23:31","modified_gmt":"2024-11-19T12:23:31","slug":"responsable-de-acceso-a-la-informacion","status":"publish","type":"page","link":"https:\/\/ayuntamientocabral.gob.do\/transparencia\/responsable-de-acceso-a-la-informacion\/","title":{"rendered":"Responsable de Acceso a la Informaci\u00f3n"},"content":{"rendered":"<p class=\"paragraph ng-attr-widget\"><b>Saulo Feliz G\u00f3mez<\/b><\/p>\n<p class=\"paragraph ng-attr-widget\">Encargado de Libre acceso a la Informaci\u00f3n Publica.<\/p>\n<p class=\"paragraph ng-attr-widget\">Tel\u00e9fono: 849-341-3970<\/p>\n<p>Correo: ayuntamientocabral@hotmail.com<\/p>\n<p>Calle Duarte #15 Cabral.<\/p>\n<p>\u00a0<\/p>\n\n\n<figure class=\"wp-block-gallery has-nested-images columns-default is-cropped\">\n<figure class=\"wp-block-image size-full\"><img data-id=\"839\"  src=\"https:\/\/ayuntamientocabral.gob.do\/transparencia\/wp-content\/uploads\/2024\/11\/Imagen-de-WhatsApp-2024-11-19-a-las-07.48.00_e50ecc87-1-700x394-1.jpg\" alt=\"\" class=\"wp-image-839\" \/><\/figure>\n\n\n\n<figure class=\"wp-block-image size-full\"><img data-id=\"840\"  src=\"https:\/\/ayuntamientocabral.gob.do\/transparencia\/wp-content\/uploads\/2024\/11\/00a623ad-c526-46c1-b793-f81cde8499fc-700x933-1.jpg\" alt=\"\" class=\"wp-image-840\" \/><\/figure>\n\n\n\n<figure class=\"wp-block-image size-full\"><img data-id=\"841\"  src=\"https:\/\/ayuntamientocabral.gob.do\/transparencia\/wp-content\/uploads\/2024\/11\/1da96ad0-3cff-48b5-995a-f1f0059e720e-700x525-1.jpg\" alt=\"\" class=\"wp-image-841\" \/><\/figure>\n<\/figure>\n\n\n","protected":false},"excerpt":{"rendered":"Saulo Feliz G\u00f3mez Encargado de Libre acceso a la Informaci\u00f3n Publica. Tel\u00e9fono: 849-341-3970 Correo: ayuntamientocabral@hotmail.com Calle Duarte #15 Cabral. \u00a0","protected":false},"author":3,"featured_media":0,"parent":0,"menu_order":0,"comment_status":"closed","ping_status":"closed","template":"","meta":[],"acf":[],"_links":{"self":[{"href":"https:\/\/ayuntamientocabral.gob.do\/transparencia\/wp-json\/wp\/v2\/pages\/258"}],"collection":[{"href":"https:\/\/ayuntamientocabral.gob.do\/transparencia\/wp-json\/wp\/v2\/pages"}],"about":[{"href":"https:\/\/ayuntamientocabral.gob.do\/transparencia\/wp-json\/wp\/v2\/types\/page"}],"author":[{"embeddable":true,"href":"https:\/\/ayuntamientocabral.gob.do\/transparencia\/wp-json\/wp\/v2\/users\/3"}],"replies":[{"embeddable":true,"href":"https:\/\/ayuntamientocabral.gob.do\/transparencia\/wp-json\/wp\/v2\/comments?post=258"}],"version-history":[{"count":5,"href":"https:\/\/ayuntamientocabral.gob.do\/transparencia\/wp-json\/wp\/v2\/pages\/258\/revisions"}],"predecessor-version":[{"id":842,"href":"https:\/\/ayuntamientocabral.gob.do\/transparencia\/wp-json\/wp\/v2\/pages\/258\/revisions\/842"}],"wp:attachment":[{"href":"https:\/\/ayuntamientocabral.gob.do\/transparencia\/wp-json\/wp\/v2\/media?parent=258"}],"curies":[{"name":"wp","href":"https:\/\/api.w.org\/{rel}","templated":true}]}}