{"id":56,"date":"2017-12-12T10:55:12","date_gmt":"2017-12-12T14:55:12","guid":{"rendered":"http:\/\/ayuntamiento.guineo\/transparencia\/?page_id=56"},"modified":"2024-10-25T12:16:17","modified_gmt":"2024-10-25T16:16:17","slug":"derechos-de-los-ciudadanos","status":"publish","type":"page","link":"https:\/\/ayuntamientocabral.gob.do\/transparencia\/derechos-de-los-ciudadanos\/","title":{"rendered":"Derechos de los Ciudadanos"},"content":{"rendered":"<p>con el prop\u00f3sito de dar cumplimiento a la\u00a0\u00a0<a href=\"http:\/\/www.dgii.gov.do\/legislacion\/leyesTributarias\/Documents\/200-04.pdf\" target=\"_blank\" rel=\"noopener\">Ley de Libre Acceso a la Informaci\u00f3n P\u00fablica No. 200-04<\/a>\u00a0y al\u00a0<a href=\"http:\/\/www.dgii.gov.do\/transparencia\/Documents\/Decreto%20130-05%20Libre%20acceso%20a%20la%20informaci%C3%B3n%20p%C3%BAblica.pdf\" target=\"_blank\" rel=\"noopener\">Reglamento sobre su aplicaci\u00f3n No.130-05<\/a>, as\u00ed como el\u00a0\u00a0<a href=\"http:\/\/www.dgii.gov.do\/legislacion\/Decretos\/Documents\/Decreto310-05.pdf\" target=\"_blank\" rel=\"noopener\">Decreto No. 310-05 que establece el Reglamento Operativo de la Comisi\u00f3n \u00c9tica y Combate a la Corrupci\u00f3n<\/a>\u00a0y con el objetivo de que las disposiciones establecidas en las referidas formas jur\u00eddicas sean cumplidas, ha creado una Secci\u00f3n de Transparencia dentro de este Portal, como un canal de comunicaci\u00f3n entre la ciudadan\u00eda y este Ministerio.<\/p>\n<p>Garantizar el libre acceso a la informaci\u00f3n p\u00fablica administrada por el MOPC de forma completa, veraz y oportuna, a fin de satisfacer las necesidades de la ciudadan\u00eda, asegur\u00e1ndonos del cabal cumplimiento de las disposiciones establecidas en las normas tributarias dominicanas.<\/p>\n<p><strong>Informaci\u00f3n que puede ser solicitada al MOPC<\/strong><\/p>\n<p>De acuerdo a lo establecido por la Ley 200-04 y su Reglamento, el Ministerio de Obras P\u00fablicas deber\u00e1 poner a disposici\u00f3n de la ciudadan\u00eda las informaciones de car\u00e1cter legislativo, administrativo, financiero y cualquier otro aspecto establecido en la referida ley, en formato documental, escrito, digital o en cualquier otro formato que haya surgido como consecuencia de su labor en el desempe\u00f1o de sus funciones.<\/p>\n","protected":false},"excerpt":{"rendered":"con el prop\u00f3sito de dar cumplimiento a la\u00a0\u00a0Ley de Libre Acceso a la Informaci\u00f3n P\u00fablica No. 200-04\u00a0y al\u00a0Reglamento sobre su aplicaci\u00f3n No.130-05, as\u00ed como el\u00a0\u00a0Decreto No. 310-05 que establece el Reglamento Operativo de la Comisi\u00f3n \u00c9tica y Combate a la Corrupci\u00f3n\u00a0y con el objetivo de que las disposiciones establecidas en las referidas formas jur\u00eddicas sean&#8230;","protected":false},"author":3,"featured_media":0,"parent":0,"menu_order":0,"comment_status":"closed","ping_status":"closed","template":"","meta":[],"acf":[],"_links":{"self":[{"href":"https:\/\/ayuntamientocabral.gob.do\/transparencia\/wp-json\/wp\/v2\/pages\/56"}],"collection":[{"href":"https:\/\/ayuntamientocabral.gob.do\/transparencia\/wp-json\/wp\/v2\/pages"}],"about":[{"href":"https:\/\/ayuntamientocabral.gob.do\/transparencia\/wp-json\/wp\/v2\/types\/page"}],"author":[{"embeddable":true,"href":"https:\/\/ayuntamientocabral.gob.do\/transparencia\/wp-json\/wp\/v2\/users\/3"}],"replies":[{"embeddable":true,"href":"https:\/\/ayuntamientocabral.gob.do\/transparencia\/wp-json\/wp\/v2\/comments?post=56"}],"version-history":[{"count":2,"href":"https:\/\/ayuntamientocabral.gob.do\/transparencia\/wp-json\/wp\/v2\/pages\/56\/revisions"}],"predecessor-version":[{"id":818,"href":"https:\/\/ayuntamientocabral.gob.do\/transparencia\/wp-json\/wp\/v2\/pages\/56\/revisions\/818"}],"wp:attachment":[{"href":"https:\/\/ayuntamientocabral.gob.do\/transparencia\/wp-json\/wp\/v2\/media?parent=56"}],"curies":[{"name":"wp","href":"https:\/\/api.w.org\/{rel}","templated":true}]}}