{"id":78,"date":"2017-12-12T11:24:21","date_gmt":"2017-12-12T15:24:21","guid":{"rendered":"http:\/\/ayuntamiento.guineo\/transparencia\/?page_id=78"},"modified":"2022-05-11T16:57:44","modified_gmt":"2022-05-11T20:57:44","slug":"definicion-oaim-oficina-de-acceso-a-la-informacion-municipal","status":"publish","type":"page","link":"https:\/\/ayuntamientocabral.gob.do\/transparencia\/definicion-oaim-oficina-de-acceso-a-la-informacion-municipal\/","title":{"rendered":"Definici\u00f3n OAIM (Oficina de Acceso a la Informaci\u00f3n Municipal)"},"content":{"rendered":"<p class=\"paragraph ng-attr-widget\">\n<p>La Ley No. 200-04 de Libre Acceso a la Informaci\u00f3n P\u00fablica, establece como un deber del Estado \u201cbrindar La informaci\u00f3n que esta ley [200-04] establece con car\u00e1cter obligatorio y de disponibilidad y actualizaci\u00f3n permanente y las informaciones que fueran requeridas en forma especial por los interesados\u201d.<\/p>\n<p>El Reglamento de dicha Ley, marcado con el N\u00famero l30-05, establece que \u201cdeber\u00e1 asignarse un Responsable de Acceso a la Informaci\u00f3n (RAI) y organizarse las Oficinas de Acceso a la Informaci\u00f3n (OAI), ante la cual se har\u00e1 efectivo el ejercicio del derecho de acceso a la informaci\u00f3n.<\/p>\n<p>La MISI\u00d3N de la Oficina de Acceso a la Informaci\u00f3n es de permitir a la ciudadan\u00eda el ejercicio de su derecho de acceso a la informaci\u00f3n, manteniendo los valores de honestidad, integridad, probidad y eficacia.<\/p>\n<p>Su VISI\u00d3N es servir de apoyo al ejercicio de una administraci\u00f3n p\u00fablica m\u00e1s eficiente y plausible, de manera que el ciudadano pueda conocer y evaluar las actividades realizadas por la instituci\u00f3n.<\/p>\n","protected":false},"excerpt":{"rendered":"La Ley No. 200-04 de Libre Acceso a la Informaci\u00f3n P\u00fablica, establece como un deber del Estado \u201cbrindar La informaci\u00f3n que esta ley [200-04] establece con car\u00e1cter obligatorio y de disponibilidad y actualizaci\u00f3n permanente y las informaciones que fueran requeridas en forma especial por los interesados\u201d. El Reglamento de dicha Ley, marcado con el N\u00famero&#8230;","protected":false},"author":3,"featured_media":0,"parent":0,"menu_order":0,"comment_status":"closed","ping_status":"closed","template":"","meta":[],"acf":[],"_links":{"self":[{"href":"https:\/\/ayuntamientocabral.gob.do\/transparencia\/wp-json\/wp\/v2\/pages\/78"}],"collection":[{"href":"https:\/\/ayuntamientocabral.gob.do\/transparencia\/wp-json\/wp\/v2\/pages"}],"about":[{"href":"https:\/\/ayuntamientocabral.gob.do\/transparencia\/wp-json\/wp\/v2\/types\/page"}],"author":[{"embeddable":true,"href":"https:\/\/ayuntamientocabral.gob.do\/transparencia\/wp-json\/wp\/v2\/users\/3"}],"replies":[{"embeddable":true,"href":"https:\/\/ayuntamientocabral.gob.do\/transparencia\/wp-json\/wp\/v2\/comments?post=78"}],"version-history":[{"count":4,"href":"https:\/\/ayuntamientocabral.gob.do\/transparencia\/wp-json\/wp\/v2\/pages\/78\/revisions"}],"predecessor-version":[{"id":535,"href":"https:\/\/ayuntamientocabral.gob.do\/transparencia\/wp-json\/wp\/v2\/pages\/78\/revisions\/535"}],"wp:attachment":[{"href":"https:\/\/ayuntamientocabral.gob.do\/transparencia\/wp-json\/wp\/v2\/media?parent=78"}],"curies":[{"name":"wp","href":"https:\/\/api.w.org\/{rel}","templated":true}]}}